{"id":865,"date":"2023-08-28T21:33:09","date_gmt":"2023-08-28T21:33:09","guid":{"rendered":"http:\/\/test.xenarthrans.org\/public_test\/home-espanol\/"},"modified":"2025-01-21T20:28:36","modified_gmt":"2025-01-21T20:28:36","slug":"home-espanol","status":"publish","type":"page","link":"https:\/\/xenarthrans.org\/journal\/es\/home-espanol\/","title":{"rendered":"Inicio"},"content":{"rendered":"\n<div class=\"wp-block-cover alignfull has-base-3-color has-text-color\"><span aria-hidden=\"true\" class=\"wp-block-cover__background has-global-color-9-background-color has-background-dim\"><\/span><img loading=\"lazy\" decoding=\"async\" width=\"1900\" height=\"350\" class=\"wp-block-cover__image-background wp-image-1456\" alt=\"\" src=\"https:\/\/xenarthrans.org\/journal\/wp-content\/uploads\/Home-Banner-Zaedyus-texture.jpg\" data-object-fit=\"cover\" srcset=\"https:\/\/xenarthrans.org\/journal\/wp-content\/uploads\/Home-Banner-Zaedyus-texture.jpg 1900w, https:\/\/xenarthrans.org\/journal\/wp-content\/uploads\/Home-Banner-Zaedyus-texture-300x55.jpg 300w, https:\/\/xenarthrans.org\/journal\/wp-content\/uploads\/Home-Banner-Zaedyus-texture-1024x189.jpg 1024w, https:\/\/xenarthrans.org\/journal\/wp-content\/uploads\/Home-Banner-Zaedyus-texture-150x28.jpg 150w, https:\/\/xenarthrans.org\/journal\/wp-content\/uploads\/Home-Banner-Zaedyus-texture-768x141.jpg 768w, https:\/\/xenarthrans.org\/journal\/wp-content\/uploads\/Home-Banner-Zaedyus-texture-1536x283.jpg 1536w\" sizes=\"auto, (max-width: 1900px) 100vw, 1900px\" \/><div class=\"wp-block-cover__inner-container is-layout-flow wp-block-cover-is-layout-flow\">\n<p class=\"has-text-align-center banner-text has-medium-font-size\"><strong><em>Xenarthra<\/em><\/strong>: la revista del Grupo de Especialistas en Hormigueros, Perezosos y Armadillos de la IUCN SSC.<br>La \u00fanica revista cient\u00edfica dedicada a la conservaci\u00f3n de los xenartros.<\/p>\n<\/div><\/div>\n\n\n\n<div class=\"wp-block-columns homerow-narrow is-layout-flex wp-container-core-columns-is-layout-9d6595d7 wp-block-columns-is-layout-flex\">\n<div class=\"wp-block-column is-layout-flow wp-block-column-is-layout-flow\">\n<h1 class=\"wp-block-heading has-text-align-center\"><img decoding=\"async\" class=\"wp-image-237\" style=\"width: 24px;\" src=\"https:\/\/xenarthrans.org\/journal\/wp-content\/uploads\/2023\/08\/Icon-Spain-flag.png\" alt=\"\">Sobre la Revista<\/h1>\n\n\n\n<div class=\"wp-block-columns about is-layout-flex wp-container-core-columns-is-layout-9d6595d7 wp-block-columns-is-layout-flex\">\n<div class=\"wp-block-column is-layout-flow wp-block-column-is-layout-flow\">\n<p class=\"has-text-align-center\"><em>Xenarthra<\/em> \u2014previamente llamada <em>Edentata<\/em>\u2014 es la revista del <a href=\"https:\/\/www.xenarthrans.org\/\" target=\"_blank\" rel=\"noreferrer noopener\">Grupo de Especialistas en Osos Hormigueros, Perezosos y Armadillos (ASASG) de la IUCN SSC<\/a>.<\/p>\n\n\n\n<p class=\"has-text-align-center\">Se publica anualmente como revista en l\u00ednea, de acceso abierto y sus trabajos son revisados por pares.<\/p>\n\n\n\n<p class=\"has-text-align-center\">Publica art\u00edculos cient\u00edficos y noticias en ingl\u00e9s, espa\u00f1ol y portugu\u00e9s, con res\u00famenes en dos idiomas.<\/p>\n\n\n\n<p class=\"has-text-align-center\"><em>Xenarthra<\/em> no cobra gastos de procesamiento o publicaci\u00f3n de art\u00edculos.<\/p>\n\n\n\n<p class=\"has-text-align-center\">Est\u00e1 incluida en el <a href=\"https:\/\/doaj.org\/\" target=\"_blank\" rel=\"noreferrer noopener\">Directory of Open Access Journals (DOAJ)<\/a> y en proceso de ser indexada en <a href=\"https:\/\/www.latindex.org\/latindex\/\" target=\"_blank\" rel=\"noreferrer noopener\">Latindex<\/a>.<\/p>\n<\/div>\n<\/div>\n\n\n\n<h2 class=\"wp-block-heading has-text-align-center\">Alcance y objetivos<\/h2>\n\n\n\n<div class=\"wp-block-columns is-layout-flex wp-container-core-columns-is-layout-9d6595d7 wp-block-columns-is-layout-flex\">\n<div class=\"wp-block-column is-layout-flow wp-block-column-is-layout-flow\">\n<p class=\"has-text-align-center\"><em>Xenarthra<\/em> es la \u00fanica revista cient\u00edfica dedicada a la publicaci\u00f3n de art\u00edculos y comunicaciones breves sobre diferentes temas relacionados con la conservaci\u00f3n e historia natural de los xenartros, uno de los grupos de mam\u00edferos menos conocidos y m\u00e1s dif\u00edciles de estudiar en la naturaleza. Al ayudar a compartir informaci\u00f3n y estimular el intercambio entre investigadores de xenartros, <em>Xenarthra<\/em> promueve tanto la ciencia y la conservaci\u00f3n de estos fascinantes animales.<\/p>\n<\/div>\n\n\n\n<div class=\"wp-block-column is-layout-flow wp-block-column-is-layout-flow\">\n<p class=\"has-text-align-center\"><em>Xenarthra<\/em> tambi\u00e9n brinda un foro para informes sobre el cuidado y la cr\u00eda en condiciones controladas de los xenartros, ya que su mantenimiento es dif\u00edcil y sus necesidades son poco conocidas. <em>Xenarthra<\/em> cumple as\u00ed la funci\u00f3n adicional de divulgar y compartir informaci\u00f3n entre profesionales de los zool\u00f3gicos y otros cuidadores de animales, as\u00ed como de incluirlos en el flujo de informaci\u00f3n procedente de la investigaci\u00f3n de campo.<\/p>\n<\/div>\n<\/div>\n\n\n\n<p class=\"has-text-align-center\"><em>Xenarthra<\/em> puede descargarse gratuitamente <a href=\"https:\/\/xenarthrans.org\/journal\/published-issues\/\">en este mismo sitio<\/a>.<br>Los n\u00fameros anteriores de <em>Edentata<\/em> pueden encontrarse en <a href=\"https:\/\/xenarthrans.org\/edentata-newsletter\/\">https:\/\/xenarthrans.org\/edentata-newsletter\/<\/a>.<\/p>\n\n\n\n<p class=\"has-text-align-center\">Animamos a nuestros lectores a compartir <em>Xenarthra<\/em> entre sus colegas y asociados.<\/p>\n<\/div>\n<\/div>\n\n\n\n<div class=\"wp-block-group call-to-action has-accent-background-color has-background is-content-justification-center is-nowrap is-layout-flex wp-container-core-group-is-layout-94bc23d7 wp-block-group-is-layout-flex\">\n<div class=\"wp-block-group\"><div class=\"wp-block-group__inner-container is-layout-constrained wp-block-group-is-layout-constrained\">\n<h2 class=\"wp-block-heading has-text-align-center has-large-font-size\" id=\"schedule-a-visit\" style=\"line-height:1.15\"><strong>Publicar en <em>Xenarthra<\/em><\/strong><\/h2>\n\n\n\n<div class=\"wp-block-buttons is-horizontal is-content-justification-center is-nowrap is-layout-flex wp-container-core-buttons-is-layout-fc65f29c wp-block-buttons-is-layout-flex\">\n<div class=\"wp-block-button has-custom-width wp-block-button__width-50 is-style-fill\"><a class=\"wp-block-button__link wp-element-button\" href=\"https:\/\/xenarthrans.org\/journal\/es\/proceso-editorial\/\" style=\"border-radius:3px\">Proceso editorial e instrucciones para autores<\/a><\/div>\n<\/div>\n<\/div><\/div>\n\n\n\n<p class=\"has-text-align-center has-small-font-size\" style=\"line-height:.9\">&nbsp;<\/p>\n<\/div>\n\n\n\n<div class=\"wp-block-columns homerow-narrow is-layout-flex wp-container-core-columns-is-layout-9d6595d7 wp-block-columns-is-layout-flex\">\n<div class=\"wp-block-column is-layout-flow wp-block-column-is-layout-flow\" style=\"flex-basis:66.66%\">\n<p>&nbsp;<\/p>\n\n\n\n<h2 class=\"wp-block-heading has-text-align-center ornamented\">Comit\u00e9 Editorial<\/h2>\n\n\n\n<h5 class=\"wp-block-heading has-text-align-center\">Mariella Superina<\/h5>\n\n\n\n<p class=\"has-text-align-center\">(IMBECU, CCT CONICET Mendoza, Mendoza, Argentina)<\/p>\n\n\n\n<h5 class=\"wp-block-heading has-text-align-center\">Nadia de Moraes-Barros<\/h5>\n\n\n\n<p class=\"has-text-align-center\">Freeland \u2013 Brasil, S\u00e3o Paulo, Brasil; Centro de Investiga\u00e7\u00e3o em Biodiversidade e Recursos Gen\u00e9ticos, Universidade de Porto, CIBIO\u2013Inbio, Porto, Portugal<\/p>\n\n\n\n<h5 class=\"wp-block-heading has-text-align-center\">Agust\u00edn M. Abba<\/h5>\n\n\n\n<p class=\"has-text-align-center\">Centro de Estudios Parasitol\u00f3gicos y de Vectores, CCT CONICET La Plata \u2013 UNLP, La Plata, Argentina<\/p>\n\n\n\n<h5 class=\"wp-block-heading has-text-align-center\">Andrew J. Noss<\/h5>\n\n\n\n<p class=\"has-text-align-center\">University of Florida, Gainesville, FL, USA<\/p>\n\n\n\n<h5 class=\"wp-block-heading has-text-align-center\">Roberto F. Aguilar<\/h5>\n\n\n\n<p class=\"has-text-align-center\">Adjunct Senior Lecturer \u2013 Wildbase \u2013 Massey University, New Zealand<\/p>\n\n\n\n<p class=\"has-text-align-center has-large-font-size\"><p class=\"has-text-align-center has-large-font-size\" style=\"margin-bottom: 20px;\">\u2742<\/p><\/p>\n\n\n\n<p class=\"has-text-align-center\">ISSN 3006-6077 (edici\u00f3n en l\u00ednea)<\/p>\n<\/div>\n\n\n\n<div class=\"wp-block-column is-layout-flow wp-block-column-is-layout-flow\" style=\"flex-basis:33.33%\">\n<h2 class=\"wp-block-heading\">Cont\u00e1ctenos<\/h2>\n\n\n\n<div class=\"wpcf7 no-js\" id=\"wpcf7-f890-o1\" lang=\"en-US\" dir=\"ltr\" data-wpcf7-id=\"890\">\n<div class=\"screen-reader-response\"><p role=\"status\" aria-live=\"polite\" aria-atomic=\"true\"><\/p> <ul><\/ul><\/div>\n<form action=\"\/journal\/wp-json\/wp\/v2\/pages\/865#wpcf7-f890-o1\" method=\"post\" class=\"wpcf7-form init\" aria-label=\"Contact form\" novalidate=\"novalidate\" data-status=\"init\">\n<fieldset class=\"hidden-fields-container\"><input type=\"hidden\" name=\"_wpcf7\" value=\"890\" \/><input type=\"hidden\" name=\"_wpcf7_version\" value=\"6.1.4\" \/><input type=\"hidden\" name=\"_wpcf7_locale\" value=\"en_US\" \/><input type=\"hidden\" name=\"_wpcf7_unit_tag\" value=\"wpcf7-f890-o1\" \/><input type=\"hidden\" name=\"_wpcf7_container_post\" value=\"0\" \/><input type=\"hidden\" name=\"_wpcf7_posted_data_hash\" value=\"\" \/><input type=\"hidden\" name=\"_gulp__timestamp\" value=\"cfNB01plnrODV6QIjxtMbg==\" \/><input type=\"hidden\" name=\"_gulp_hash\" value=\"52gbM7t0MewL\" \/><input type=\"hidden\" name=\"_gulp_version\" value=\"1.0\" \/><input type=\"hidden\" name=\"_gulp_address\" value=\"v9aTkk78rwYZEGCGr\/uw5Q==\" \/><input type=\"hidden\" name=\"_gulp_referer\" value=\"QvPrDiu2O5i61jEV3WhtIQ==\" \/><input type=\"hidden\" name=\"_gulp_protocol\" value=\"\/dhFY9LQjokJbEcx0\/bbWQ==\" \/><input type=\"hidden\" name=\"_gulp_bot_fingerprint\" value=\"cfNB01plnrODV6QIjxtMbg==\" \/><input type=\"hidden\" name=\"_gulp_bot_fingerprint_extras\" \/><input type=\"hidden\" name=\"_gulp_append_on_submit\" \/>\n<\/fieldset>\n<p><label> Su nombre<br \/>\n<span class=\"wpcf7-form-control-wrap\" data-name=\"your-name\"><input size=\"40\" maxlength=\"400\" class=\"wpcf7-form-control wpcf7-text wpcf7-validates-as-required\" autocomplete=\"name\" aria-required=\"true\" aria-invalid=\"false\" value=\"\" type=\"text\" name=\"your-name\" \/><input type=\"text\" name=\"name\" value=\"\" autocomplete=\"fill\" class=\"mind-the-anteater\" aria-hidden=\"true\" tabindex=\"-1\" \/><\/span> <\/label>\n<\/p>\n<p><label> Su e-mail<br \/>\n<span class=\"wpcf7-form-control-wrap\" data-name=\"your-email\"><input size=\"40\" maxlength=\"400\" class=\"wpcf7-form-control wpcf7-email wpcf7-validates-as-required wpcf7-text wpcf7-validates-as-email\" autocomplete=\"email\" aria-required=\"true\" aria-invalid=\"false\" value=\"\" type=\"email\" name=\"your-email\" \/><\/span> <\/label>\n<\/p>\n<p><label> Motivo<br \/>\n<span class=\"wpcf7-form-control-wrap\" data-name=\"your-subject\"><input size=\"40\" maxlength=\"400\" class=\"wpcf7-form-control wpcf7-text wpcf7-validates-as-required\" aria-required=\"true\" aria-invalid=\"false\" value=\"\" type=\"text\" name=\"your-subject\" \/><input type=\"text\" name=\"address\" value=\"\" autocomplete=\"fill\" class=\"mind-the-anteater\" aria-hidden=\"true\" tabindex=\"-1\" \/><\/span> <\/label>\n<\/p>\n<p><label> Su mensaje<br \/>\n<span class=\"wpcf7-form-control-wrap\" data-name=\"your-message\"><textarea cols=\"40\" rows=\"10\" maxlength=\"2000\" class=\"wpcf7-form-control wpcf7-textarea\" aria-invalid=\"false\" name=\"your-message\"><\/textarea><\/span> <\/label>\n<\/p>\n<p><input class=\"wpcf7-form-control wpcf7-submit has-spinner\" type=\"submit\" value=\"Enviar\" \/>\n<\/p><div class=\"wpcf7-response-output\" aria-hidden=\"true\"><\/div>\n<\/form>\n<\/div>\n\n<\/div>\n<\/div>\n","protected":false},"excerpt":{"rendered":"<p>Sobre la Revista Xenarthra \u2014previamente llamada Edentata\u2014 es la revista del Grupo de Especialistas en Osos Hormigueros, Perezosos y Armadillos (ASASG) de la IUCN SSC. Se publica anualmente como revista en l\u00ednea, de acceso abierto y sus trabajos son revisados por pares. Publica art\u00edculos cient\u00edficos y noticias en ingl\u00e9s, espa\u00f1ol y portugu\u00e9s, con res\u00famenes en<\/p>\n","protected":false},"author":1,"featured_media":0,"parent":0,"menu_order":0,"comment_status":"closed","ping_status":"closed","template":"","meta":{"_acf_changed":false,"footnotes":""},"class_list":["post-865","page","type-page","status-publish"],"acf":[],"_links":{"self":[{"href":"https:\/\/xenarthrans.org\/journal\/wp-json\/wp\/v2\/pages\/865","targetHints":{"allow":["GET"]}}],"collection":[{"href":"https:\/\/xenarthrans.org\/journal\/wp-json\/wp\/v2\/pages"}],"about":[{"href":"https:\/\/xenarthrans.org\/journal\/wp-json\/wp\/v2\/types\/page"}],"author":[{"embeddable":true,"href":"https:\/\/xenarthrans.org\/journal\/wp-json\/wp\/v2\/users\/1"}],"replies":[{"embeddable":true,"href":"https:\/\/xenarthrans.org\/journal\/wp-json\/wp\/v2\/comments?post=865"}],"version-history":[{"count":36,"href":"https:\/\/xenarthrans.org\/journal\/wp-json\/wp\/v2\/pages\/865\/revisions"}],"predecessor-version":[{"id":1639,"href":"https:\/\/xenarthrans.org\/journal\/wp-json\/wp\/v2\/pages\/865\/revisions\/1639"}],"wp:attachment":[{"href":"https:\/\/xenarthrans.org\/journal\/wp-json\/wp\/v2\/media?parent=865"}],"curies":[{"name":"wp","href":"https:\/\/api.w.org\/{rel}","templated":true}]}}