{"id":866,"date":"2023-08-28T21:33:09","date_gmt":"2023-08-28T21:33:09","guid":{"rendered":"http:\/\/test.xenarthrans.org\/public_test\/home-portugues\/"},"modified":"2024-07-30T21:49:41","modified_gmt":"2024-07-30T21:49:41","slug":"home-portugues","status":"publish","type":"page","link":"https:\/\/xenarthrans.org\/journal\/pt\/home-portugues\/","title":{"rendered":"In\u00edcio"},"content":{"rendered":"\n<div class=\"wp-block-cover alignfull has-base-3-color has-text-color\"><span aria-hidden=\"true\" class=\"wp-block-cover__background has-global-color-9-background-color has-background-dim\"><\/span><img loading=\"lazy\" decoding=\"async\" width=\"1900\" height=\"350\" class=\"wp-block-cover__image-background wp-image-1456\" alt=\"\" src=\"https:\/\/xenarthrans.org\/journal\/wp-content\/uploads\/Home-Banner-Zaedyus-texture.jpg\" data-object-fit=\"cover\" srcset=\"https:\/\/xenarthrans.org\/journal\/wp-content\/uploads\/Home-Banner-Zaedyus-texture.jpg 1900w, https:\/\/xenarthrans.org\/journal\/wp-content\/uploads\/Home-Banner-Zaedyus-texture-300x55.jpg 300w, https:\/\/xenarthrans.org\/journal\/wp-content\/uploads\/Home-Banner-Zaedyus-texture-1024x189.jpg 1024w, https:\/\/xenarthrans.org\/journal\/wp-content\/uploads\/Home-Banner-Zaedyus-texture-150x28.jpg 150w, https:\/\/xenarthrans.org\/journal\/wp-content\/uploads\/Home-Banner-Zaedyus-texture-768x141.jpg 768w, https:\/\/xenarthrans.org\/journal\/wp-content\/uploads\/Home-Banner-Zaedyus-texture-1536x283.jpg 1536w\" sizes=\"auto, (max-width: 1900px) 100vw, 1900px\" \/><div class=\"wp-block-cover__inner-container is-layout-flow wp-block-cover-is-layout-flow\">\n<p class=\"has-text-align-center banner-text has-medium-font-size\"><strong><em>Xenarthra<\/em><\/strong>: a revista do Grupo de Especialistas em Tamandu\u00e1s, Pregui\u00e7as e Tatus da IUCN SSC.<br>A \u00fanica revista cient\u00edfica dedicada \u00e0 conserva\u00e7\u00e3o dos xenartros.<\/p>\n<\/div><\/div>\n\n\n\n<div class=\"wp-block-columns homerow-narrow is-layout-flex wp-container-core-columns-is-layout-9d6595d7 wp-block-columns-is-layout-flex\">\n<div class=\"wp-block-column is-layout-flow wp-block-column-is-layout-flow\">\n<h1 class=\"wp-block-heading has-text-align-center\"><img decoding=\"async\" class=\"wp-image-238\" style=\"width: 24px;\" src=\"https:\/\/xenarthrans.org\/journal\/wp-content\/uploads\/2023\/08\/Icon-Portugal-flag.png\" alt=\"\"> Sobre a Revista<\/h1>\n\n\n\n<div class=\"wp-block-columns about is-layout-flex wp-container-core-columns-is-layout-9d6595d7 wp-block-columns-is-layout-flex\">\n<div class=\"wp-block-column is-layout-flow wp-block-column-is-layout-flow\">\n<p class=\"has-text-align-center\"><em>Xenarthra<\/em> \u2014anteriormente <em>Edentata<\/em>\u2014 \u00e9 publicada anualmente pelo <a href=\"https:\/\/www.xenarthrans.org\/\" target=\"_blank\" rel=\"noreferrer noopener\">Grupo de Especialistas em Tamandu\u00e1s, Pregui\u00e7as e Tatus (ASASG) da IUCN SSC<\/a>.<\/p>\n\n\n\n<p class=\"has-text-align-center\">\u00c9 uma revista on-line, de acesso aberto e revisada por pares.<\/p>\n\n\n\n<p class=\"has-text-align-center\">Publica artigos cient\u00edficos e not\u00edcias em ingl\u00eas, espanhol e portugu\u00eas, com resumos em dois idiomas.<\/p>\n\n\n\n<p class=\"has-text-align-center\"><em>Xenarthra<\/em>&nbsp;n\u00e3o cobra taxas de processamento ou submiss\u00e3o de artigos.<\/p>\n\n\n\n<p class=\"has-text-align-center\">Est\u00e1 listada no <a href=\"https:\/\/doaj.org\/\" target=\"_blank\" rel=\"noreferrer noopener\">Directory of Open Access Journals (DOAJ)<\/a> e em processo de indexa\u00e7\u00e3o no <a href=\"https:\/\/www.latindex.org\/latindex\/\" target=\"_blank\" rel=\"noreferrer noopener\">Latindex<\/a>.<\/p>\n<\/div>\n<\/div>\n\n\n\n<h2 class=\"wp-block-heading has-text-align-center\">Escopo e objetivos<\/h2>\n\n\n\n<div class=\"wp-block-columns is-layout-flex wp-container-core-columns-is-layout-9d6595d7 wp-block-columns-is-layout-flex\">\n<div class=\"wp-block-column is-layout-flow wp-block-column-is-layout-flow\">\n<p class=\"has-text-align-center\"><em>Xenarthra<\/em> \u00e9 a \u00fanica revista dedicada \u00e0 publica\u00e7\u00e3o de artigos cient\u00edficos e comunica\u00e7\u00f5es breves sobre diferentes temas da conserva\u00e7\u00e3o e hist\u00f3ria natural de xenartros \u2014 um dos grupos de mam\u00edferos menos conhecidos e notoriamente dif\u00edceis de estudar na natureza. <em>Xenarthra<\/em> promove a ci\u00eancia e a conserva\u00e7\u00e3o dos xenartros atrav\u00e9s de suas publica\u00e7\u00f5es, as quais estimulam o interc\u00e2mbio entre pesquisadores de esses fascinantes animais.<\/p>\n<\/div>\n\n\n\n<div class=\"wp-block-column is-layout-flow wp-block-column-is-layout-flow\">\n<p class=\"has-text-align-center\"><em>Xenarthra<\/em> tamb\u00e9m contempla um f\u00f3rum para relat\u00f3rios sobre o cuidado e a cria\u00e7\u00e3o de xenartros em cativeiro, cujas necessidades s\u00e3o especializadas e, muitas vezes, pouco conhecidas. Dessa forma, <em>Xenarthra<\/em> cumpre a fun\u00e7\u00e3o adicional de comunicar informa\u00e7\u00f5es entre profissionais de zool\u00f3gicos e outros cuidadores de animais, al\u00e9m de inclu\u00ed-los no fluxo de informa\u00e7\u00f5es de pesquisas de campo.<\/p>\n<\/div>\n<\/div>\n\n\n\n<div class=\"wp-block-columns is-layout-flex wp-container-core-columns-is-layout-9d6595d7 wp-block-columns-is-layout-flex\">\n<div class=\"wp-block-column is-layout-flow wp-block-column-is-layout-flow\">\n<p class=\"has-text-align-center\">O <em>download<\/em> da <em>Xenarthra<\/em> pode ser feito <a href=\"https:\/\/xenarthrans.org\/journal\/published-issues\/\">nesta se\u00e7\u00e3o do site<\/a>.<br>As edi\u00e7\u00f5es anteriores da <em>Edentata<\/em> podem ser encontradas em <a href=\"https:\/\/xenarthrans.org\/edentata-newsletter\/\">https:\/\/xenarthrans.org\/edentata-newsletter\/<\/a>.<\/p>\n\n\n\n<p class=\"has-text-align-center\">Incentivamos nossos leitores a compartilhar <em>Xenarthra<\/em> com seus colegas e associados.<\/p>\n<\/div>\n<\/div>\n<\/div>\n<\/div>\n\n\n\n<div class=\"wp-block-group call-to-action has-accent-background-color has-background is-content-justification-center is-nowrap is-layout-flex wp-container-core-group-is-layout-94bc23d7 wp-block-group-is-layout-flex\">\n<div class=\"wp-block-group\"><div class=\"wp-block-group__inner-container is-layout-constrained wp-block-group-is-layout-constrained\">\n<h2 class=\"wp-block-heading has-text-align-center has-large-font-size\" id=\"schedule-a-visit\" style=\"line-height:1.15\"><strong>Para publicar em <em>Xenarthra<\/em><\/strong><\/h2>\n\n\n\n<div class=\"wp-block-buttons is-horizontal is-content-justification-center is-nowrap is-layout-flex wp-container-core-buttons-is-layout-fc65f29c wp-block-buttons-is-layout-flex\">\n<div class=\"wp-block-button has-custom-width wp-block-button__width-50 is-style-fill\"><a class=\"wp-block-button__link wp-element-button\" href=\"https:\/\/xenarthrans.org\/journal\/pt\/processo-editorial\/\" style=\"border-radius:3px\">Processo editorial e instru\u00e7\u00f5es para autores<\/a><\/div>\n<\/div>\n<\/div><\/div>\n\n\n\n<p class=\"has-text-align-center has-small-font-size\" style=\"line-height:.9\">&nbsp;<\/p>\n<\/div>\n\n\n\n<div class=\"wp-block-columns homerow-narrow is-layout-flex wp-container-core-columns-is-layout-9d6595d7 wp-block-columns-is-layout-flex\">\n<div class=\"wp-block-column is-layout-flow wp-block-column-is-layout-flow\" style=\"flex-basis:66.66%\">\n<p>&nbsp;<\/p>\n\n\n\n<h2 class=\"wp-block-heading has-text-align-center ornamented\">Comit\u00ea Editorial<\/h2>\n\n\n\n<h5 class=\"wp-block-heading has-text-align-center\">Mariella Superina<\/h5>\n\n\n\n<p class=\"has-text-align-center\">(IMBECU, CCT CONICET Mendoza, Mendoza, Argentina)<\/p>\n\n\n\n<h5 class=\"wp-block-heading has-text-align-center\">Nadia de Moraes-Barros<\/h5>\n\n\n\n<p class=\"has-text-align-center\">Freeland \u2013 Brasil, S\u00e3o Paulo, Brasil; Centro de Investiga\u00e7\u00e3o em Biodiversidade e Recursos Gen\u00e9ticos, Universidade de Porto, CIBIO\u2013Inbio, Porto, Portugal<\/p>\n\n\n\n<h5 class=\"wp-block-heading has-text-align-center\">Agust\u00edn M. Abba<\/h5>\n\n\n\n<p class=\"has-text-align-center\">Centro de Estudios Parasitol\u00f3gicos y de Vectores, CCT CONICET La Plata \u2013 UNLP, La Plata, Argentina<\/p>\n\n\n\n<h5 class=\"wp-block-heading has-text-align-center\">Andrew J. Noss<\/h5>\n\n\n\n<p class=\"has-text-align-center\">University of Florida, Gainesville, FL, USA<\/p>\n\n\n\n<h5 class=\"wp-block-heading has-text-align-center\">Roberto F. Aguilar<\/h5>\n\n\n\n<p class=\"has-text-align-center\">Adjunct Senior Lecturer \u2013 Wildbase \u2013 Massey University, New Zealand<\/p>\n\n\n\n<p class=\"has-text-align-center has-large-font-size\"><p class=\"has-text-align-center has-large-font-size\" style=\"margin-bottom: 20px;\">\u2742<\/p><\/p>\n\n\n\n<p class=\"has-text-align-center\">ISSN 3006-6077 (edi\u00e7\u00e3o <em>on-line<\/em>)<\/p>\n<\/div>\n\n\n\n<div class=\"wp-block-column is-layout-flow wp-block-column-is-layout-flow\" style=\"flex-basis:33.33%\">\n<h2 class=\"wp-block-heading\">Contato<\/h2>\n\n\n\n<div class=\"wpcf7 no-js\" id=\"wpcf7-f891-o1\" lang=\"en-US\" dir=\"ltr\" data-wpcf7-id=\"891\">\n<div class=\"screen-reader-response\"><p role=\"status\" aria-live=\"polite\" aria-atomic=\"true\"><\/p> <ul><\/ul><\/div>\n<form action=\"\/journal\/wp-json\/wp\/v2\/pages\/866#wpcf7-f891-o1\" method=\"post\" class=\"wpcf7-form init\" aria-label=\"Contact form\" novalidate=\"novalidate\" data-status=\"init\">\n<fieldset class=\"hidden-fields-container\"><input type=\"hidden\" name=\"_wpcf7\" value=\"891\" \/><input type=\"hidden\" name=\"_wpcf7_version\" value=\"6.1.4\" \/><input type=\"hidden\" name=\"_wpcf7_locale\" value=\"en_US\" \/><input type=\"hidden\" name=\"_wpcf7_unit_tag\" value=\"wpcf7-f891-o1\" \/><input type=\"hidden\" name=\"_wpcf7_container_post\" value=\"0\" \/><input type=\"hidden\" name=\"_wpcf7_posted_data_hash\" value=\"\" \/><input type=\"hidden\" name=\"_gulp__timestamp\" value=\"u3OojEaXFp2Df43hCqL+xA==\" \/><input type=\"hidden\" name=\"_gulp_hash\" value=\"dyZhQ27GTRwU\" \/><input type=\"hidden\" name=\"_gulp_version\" value=\"1.0\" \/><input type=\"hidden\" name=\"_gulp_address\" value=\"v9aTkk78rwYZEGCGr\/uw5Q==\" \/><input type=\"hidden\" name=\"_gulp_referer\" value=\"QvPrDiu2O5i61jEV3WhtIQ==\" \/><input type=\"hidden\" name=\"_gulp_protocol\" value=\"\/dhFY9LQjokJbEcx0\/bbWQ==\" \/><input type=\"hidden\" name=\"_gulp_bot_fingerprint\" value=\"u3OojEaXFp2Df43hCqL+xA==\" \/><input type=\"hidden\" name=\"_gulp_bot_fingerprint_extras\" \/><input type=\"hidden\" name=\"_gulp_append_on_submit\" \/>\n<\/fieldset>\n<p><label> Seu nome<br \/>\n<span class=\"wpcf7-form-control-wrap\" data-name=\"your-name\"><input size=\"40\" maxlength=\"400\" class=\"wpcf7-form-control wpcf7-text wpcf7-validates-as-required\" autocomplete=\"name\" aria-required=\"true\" aria-invalid=\"false\" value=\"\" type=\"text\" name=\"your-name\" \/><input type=\"text\" name=\"name\" value=\"\" autocomplete=\"fill\" class=\"mind-the-anteater\" aria-hidden=\"true\" tabindex=\"-1\" \/><\/span> <\/label>\n<\/p>\n<p><label> Seu e-mail<br \/>\n<span class=\"wpcf7-form-control-wrap\" data-name=\"your-email\"><input size=\"40\" maxlength=\"400\" class=\"wpcf7-form-control wpcf7-email wpcf7-validates-as-required wpcf7-text wpcf7-validates-as-email\" autocomplete=\"email\" aria-required=\"true\" aria-invalid=\"false\" value=\"\" type=\"email\" name=\"your-email\" \/><\/span> <\/label>\n<\/p>\n<p><label> Motivo<br \/>\n<span class=\"wpcf7-form-control-wrap\" data-name=\"your-subject\"><input type=\"text\" name=\"address\" value=\"\" autocomplete=\"fill\" class=\"mind-the-anteater\" aria-hidden=\"true\" tabindex=\"-1\" \/><input size=\"40\" maxlength=\"400\" class=\"wpcf7-form-control wpcf7-text wpcf7-validates-as-required\" aria-required=\"true\" aria-invalid=\"false\" value=\"\" type=\"text\" name=\"your-subject\" \/><\/span> <\/label>\n<\/p>\n<p><label> Sua mensagem<br \/>\n<span class=\"wpcf7-form-control-wrap\" data-name=\"your-message\"><textarea cols=\"40\" rows=\"10\" maxlength=\"2000\" class=\"wpcf7-form-control wpcf7-textarea\" aria-invalid=\"false\" name=\"your-message\"><\/textarea><\/span> <\/label>\n<\/p>\n<p><input class=\"wpcf7-form-control wpcf7-submit has-spinner\" type=\"submit\" value=\"Enviar\" \/>\n<\/p><div class=\"wpcf7-response-output\" aria-hidden=\"true\"><\/div>\n<\/form>\n<\/div>\n\n<\/div>\n<\/div>\n","protected":false},"excerpt":{"rendered":"<p>Sobre a Revista Xenarthra \u2014anteriormente Edentata\u2014 \u00e9 publicada anualmente pelo Grupo de Especialistas em Tamandu\u00e1s, Pregui\u00e7as e Tatus (ASASG) da IUCN SSC. \u00c9 uma revista on-line, de acesso aberto e revisada por pares. Publica artigos cient\u00edficos e not\u00edcias em ingl\u00eas, espanhol e portugu\u00eas, com resumos em dois idiomas. Xenarthra&nbsp;n\u00e3o cobra taxas de processamento ou submiss\u00e3o<\/p>\n","protected":false},"author":1,"featured_media":0,"parent":0,"menu_order":0,"comment_status":"closed","ping_status":"closed","template":"","meta":{"_acf_changed":false,"footnotes":""},"class_list":["post-866","page","type-page","status-publish"],"acf":[],"_links":{"self":[{"href":"https:\/\/xenarthrans.org\/journal\/wp-json\/wp\/v2\/pages\/866","targetHints":{"allow":["GET"]}}],"collection":[{"href":"https:\/\/xenarthrans.org\/journal\/wp-json\/wp\/v2\/pages"}],"about":[{"href":"https:\/\/xenarthrans.org\/journal\/wp-json\/wp\/v2\/types\/page"}],"author":[{"embeddable":true,"href":"https:\/\/xenarthrans.org\/journal\/wp-json\/wp\/v2\/users\/1"}],"replies":[{"embeddable":true,"href":"https:\/\/xenarthrans.org\/journal\/wp-json\/wp\/v2\/comments?post=866"}],"version-history":[{"count":31,"href":"https:\/\/xenarthrans.org\/journal\/wp-json\/wp\/v2\/pages\/866\/revisions"}],"predecessor-version":[{"id":1626,"href":"https:\/\/xenarthrans.org\/journal\/wp-json\/wp\/v2\/pages\/866\/revisions\/1626"}],"wp:attachment":[{"href":"https:\/\/xenarthrans.org\/journal\/wp-json\/wp\/v2\/media?parent=866"}],"curies":[{"name":"wp","href":"https:\/\/api.w.org\/{rel}","templated":true}]}}