{"id":963,"date":"2023-08-31T00:16:24","date_gmt":"2023-08-31T00:16:24","guid":{"rendered":"https:\/\/test.xenarthrans.org\/public_test\/?page_id=963"},"modified":"2024-04-04T13:38:38","modified_gmt":"2024-04-04T13:38:38","slug":"proceso-editorial","status":"publish","type":"page","link":"https:\/\/xenarthrans.org\/journal\/es\/proceso-editorial\/","title":{"rendered":"Proceso editorial"},"content":{"rendered":"\r\n<div class=\"wp-block-columns is-layout-flex wp-container-core-columns-is-layout-9d6595d7 wp-block-columns-is-layout-flex\">\r\n<div class=\"wp-block-column is-layout-flow wp-block-column-is-layout-flow\" style=\"flex-basis: 66.66%;\">\r\n<h2 class=\"wp-block-heading\">Enviar un manuscrito<\/h2>\r\n\r\n\r\n\r\n<p>Toda persona que desee presentar un manuscrito u otro tipo de contribuci\u00f3n debe seguir las instrucciones para autores que pueden descargarse a continuaci\u00f3n.<\/p>\r\n\r\n\r\n\r\n<div class=\"wp-block-columns is-layout-flex wp-container-core-columns-is-layout-9d6595d7 wp-block-columns-is-layout-flex\">\r\n<div class=\"wp-block-column is-layout-flow wp-block-column-is-layout-flow\">\r\n<div class=\"wp-block-buttons is-content-justification-left is-layout-flex wp-container-core-buttons-is-layout-fdcfc74e wp-block-buttons-is-layout-flex\">\r\n<div class=\"wp-block-button download\"><a class=\"wp-block-button__link wp-element-button\" href=\"https:\/\/xenarthrans.org\/journal\/wp-content\/uploads\/Instrucciones-para-autores-Xenarthra_2024.pdf\">Instrucciones para autores<\/a><\/div>\r\n\r\n\r\n\r\n<div class=\"wp-block-button download\"><a class=\"wp-block-button__link wp-element-button\" href=\"https:\/\/xenarthrans.org\/journal\/wp-content\/uploads\/Xenarthra_EndNote-style-2023.ens\">Estilo EndNote<\/a><\/div>\r\n<\/div>\r\n<\/div>\r\n<\/div>\r\n\r\n\r\n\r\n<p>Todas las contribuciones pueden enviarse a <a href=\"mailto:journal@xenarthrans.org\">journal@xenarthrans.org<\/a>.<\/p>\r\n\r\n\r\n\r\n<p>Una vez recibido el manuscrito:<\/p>\r\n\r\n\r\n\r\n<ol class=\"wp-block-list\">\r\n<li>Los editores realizar\u00e1n una primera evaluaci\u00f3n. Los manuscritos que no cumplan las instrucciones editoriales ser\u00e1n devueltos al autor correspondiente sin revisar, con los comentarios necesarios para que cumplan con las normas.<\/li>\r\n\r\n\r\n\r\n<li>Los manuscritos que cumplan las instrucciones editoriales ser\u00e1n tratados por un editor. El editor responsable seleccionar\u00e1 al menos dos revisores externos especialistas en el tema del manuscrito. La revisi\u00f3n por pares es an\u00f3nima.<\/li>\r\n\r\n\r\n\r\n<li>Una vez recibidas las revisiones externas (tiempo estimado 20\u201330 d\u00edas), el editor informar\u00e1 al autor correspondiente los resultados de la evaluaci\u00f3n y acerca del m\u00e9rito para la publicaci\u00f3n.<\/li>\r\n\r\n\r\n\r\n<li>En caso de que el manuscrito sea aceptado para su publicaci\u00f3n, el editor informar\u00e1 sobre los pasos a seguir.<\/li>\r\n<\/ol>\r\n\r\n\r\n\r\n<p class=\"has-small-font-size\"><strong>Nota:<\/strong> <em>Xenarthra<\/em> publica art\u00edculos en ingl\u00e9s, espa\u00f1ol y portugu\u00e9s. Si usted est\u00e1 enviando un art\u00edculo en un idioma que no es su idioma de nacimiento, por favor h\u00e1galo revisar minuciosamente por una persona que domine ese idioma antes de enviarlo.<\/p>\r\n<\/div>\r\n\r\n\r\n\r\n<div class=\"wp-block-column is-layout-flow wp-block-column-is-layout-flow\" style=\"flex-basis: 33.33%;\">\r\n<h2 class=\"wp-block-heading\">Direcci\u00f3n administrativa<\/h2>\r\n\r\n\r\n\r\n<p><strong>Xenarthra<\/strong><br \/>IMBECU \u2013 CCT CONICET Mendoza<br \/>Av. Ruiz Leal s\/n, Parque Gral. San Mart\u00edn<br \/>Mendoza<br \/>CP 5500<br \/>Argentina<br \/>(Phone +54-261-5244160)<\/p>\r\n\r\n\r\n\r\n<div class=\"wp-block-group ethics\"><div class=\"wp-block-group__inner-container is-layout-constrained wp-block-group-is-layout-constrained\">\r\n<h2 class=\"wp-block-heading\">Normas \u00e9ticas<\/h2>\r\n\r\n\r\n\r\n<p><em>Xenarthra<\/em>\u00a0cumple las normas \u00e9ticas de publicaci\u00f3n cient\u00edfica descritas en detalle por Graf <em>et al<\/em>. (2007) (<a href=\"https:\/\/www.ncbi.nlm.nih.gov\/pmc\/articles\/PMC1804120\/\" target=\"_blank\" rel=\"noreferrer noopener\">Graf, C., E. Wager, A. Bowman, S. Fiack, D. Scott-Lichter &amp; A. Robinson. 2007. Best practice guidelines on publication ethics: a publisher&#8217;s perspective. <em>International Journal of Clinical Practice<\/em>, 61(s152): 1\u201326<\/a>) y exige a todos los autores que cumplan estas normas para que sus contribuciones sean tenidas en cuenta para la publicaci\u00f3n.<\/p>\r\n<\/div><\/div>\r\n<\/div>\r\n<\/div>\r\n","protected":false},"excerpt":{"rendered":"<p>Enviar un manuscrito Toda persona que desee presentar un manuscrito u otro tipo de contribuci\u00f3n debe seguir las instrucciones para autores que pueden descargarse a continuaci\u00f3n. Todas las contribuciones pueden enviarse a journal@xenarthrans.org. Una vez recibido el manuscrito: Nota: Xenarthra publica art\u00edculos en ingl\u00e9s, espa\u00f1ol y portugu\u00e9s. Si usted est\u00e1 enviando un art\u00edculo en un<\/p>\n","protected":false},"author":1,"featured_media":806,"parent":0,"menu_order":0,"comment_status":"closed","ping_status":"closed","template":"","meta":{"_acf_changed":false,"footnotes":""},"class_list":["post-963","page","type-page","status-publish","has-post-thumbnail"],"acf":[],"_links":{"self":[{"href":"https:\/\/xenarthrans.org\/journal\/wp-json\/wp\/v2\/pages\/963","targetHints":{"allow":["GET"]}}],"collection":[{"href":"https:\/\/xenarthrans.org\/journal\/wp-json\/wp\/v2\/pages"}],"about":[{"href":"https:\/\/xenarthrans.org\/journal\/wp-json\/wp\/v2\/types\/page"}],"author":[{"embeddable":true,"href":"https:\/\/xenarthrans.org\/journal\/wp-json\/wp\/v2\/users\/1"}],"replies":[{"embeddable":true,"href":"https:\/\/xenarthrans.org\/journal\/wp-json\/wp\/v2\/comments?post=963"}],"version-history":[{"count":19,"href":"https:\/\/xenarthrans.org\/journal\/wp-json\/wp\/v2\/pages\/963\/revisions"}],"predecessor-version":[{"id":1585,"href":"https:\/\/xenarthrans.org\/journal\/wp-json\/wp\/v2\/pages\/963\/revisions\/1585"}],"wp:featuredmedia":[{"embeddable":true,"href":"https:\/\/xenarthrans.org\/journal\/wp-json\/wp\/v2\/media\/806"}],"wp:attachment":[{"href":"https:\/\/xenarthrans.org\/journal\/wp-json\/wp\/v2\/media?parent=963"}],"curies":[{"name":"wp","href":"https:\/\/api.w.org\/{rel}","templated":true}]}}