{"id":976,"date":"2023-08-31T03:23:33","date_gmt":"2023-08-31T03:23:33","guid":{"rendered":"https:\/\/test.xenarthrans.org\/public_test\/?page_id=976"},"modified":"2024-04-04T13:38:58","modified_gmt":"2024-04-04T13:38:58","slug":"processo-editorial","status":"publish","type":"page","link":"https:\/\/xenarthrans.org\/journal\/pt\/processo-editorial\/","title":{"rendered":"Processo editorial"},"content":{"rendered":"\r\n<div class=\"wp-block-columns is-layout-flex wp-container-core-columns-is-layout-9d6595d7 wp-block-columns-is-layout-flex\">\r\n<div class=\"wp-block-column is-layout-flow wp-block-column-is-layout-flow\" style=\"flex-basis: 66.66%;\">\r\n<h2 class=\"wp-block-heading\">Enviar um manuscrito<\/h2>\r\n\r\n\r\n\r\n<p>Qualquer pessoa que deseje enviar um manuscrito ou outro item deve seguir as diretrizes para autores, que est\u00e3o dispon\u00edveis abaixo.<\/p>\r\n\r\n\r\n\r\n<div class=\"wp-block-columns is-layout-flex wp-container-core-columns-is-layout-9d6595d7 wp-block-columns-is-layout-flex\">\r\n<div class=\"wp-block-column is-layout-flow wp-block-column-is-layout-flow\">\r\n<div class=\"wp-block-buttons is-content-justification-left is-layout-flex wp-container-core-buttons-is-layout-fdcfc74e wp-block-buttons-is-layout-flex\">\r\n<div class=\"wp-block-button download\"><a class=\"wp-block-button__link wp-element-button\" href=\"https:\/\/xenarthrans.org\/journal\/wp-content\/uploads\/Instrucoes-para-autores-Xenarthra_2024.pdf\">Instru\u00e7\u00f5es para autores<\/a><\/div>\r\n\r\n\r\n\r\n<div class=\"wp-block-button download\"><a class=\"wp-block-button__link wp-element-button\" href=\"https:\/\/xenarthrans.org\/journal\/wp-content\/uploads\/Xenarthra_EndNote-style-2023.ens\">Estilo EndNote<\/a><\/div>\r\n<\/div>\r\n<\/div>\r\n<\/div>\r\n\r\n\r\n\r\n<p>Todas as submiss\u00f5es podem ser enviadas para <a href=\"mailto:journal@xenarthrans.org\">journal@xenarthrans.org<\/a>.<\/p>\r\n\r\n\r\n\r\n<p>Ap\u00f3s o recebimento do manuscrito:<\/p>\r\n\r\n\r\n\r\n<ol class=\"wp-block-list\">\r\n<li>Os editores far\u00e3o uma primeira avalia\u00e7\u00e3o. Os manuscritos que n\u00e3o atenderem \u00e0s instru\u00e7\u00f5es editoriais ser\u00e3o devolvidos ao autor correspondente sem revis\u00e3o, com os coment\u00e1rios necess\u00e1rios para que estejam em conformidade.<\/li>\r\n\r\n\r\n\r\n<li>Os manuscritos que estiverem de acordo com as instru\u00e7\u00f5es editoriais estar\u00e3o a cargo de um editor. O editor respons\u00e1vel selecionar\u00e1 pelo menos dois revisores externos que sejam especialistas no t\u00f3pico do manuscrito. A revis\u00e3o por pares \u00e9 an\u00f4nima.<\/li>\r\n\r\n\r\n\r\n<li>Assim que as revis\u00f5es externas forem recebidas (aproximadamente 20\u201330 dias), o editor informar\u00e1 o autor correspondente sobre os resultados da avalia\u00e7\u00e3o e a decis\u00e3o acerca do m\u00e9rito para publica\u00e7\u00e3o.<\/li>\r\n\r\n\r\n\r\n<li>Nos casos de manuscritos aceitos para publica\u00e7\u00e3o, o editor ir\u00e1 informar quais procedimentos ser\u00e3o necess\u00e1rios para publica\u00e7\u00e3o.<\/li>\r\n<\/ol>\r\n\r\n\r\n\r\n<p class=\"has-small-font-size\"><strong>P<strong>or favor, tenha em mente que<\/strong>:<\/strong> <em>Xenarthra<\/em> publica artigos em Ingl\u00eas, Espanhol e Portugu\u00eas. Antes de submeter um manuscrito ou nota redigidos em idioma distinto ao seu, por favor certifique-se de que todo o conte\u00fado tenha sido revisado por uma pessoa que domine o idioma utilizado em seu trabalho.<\/p>\r\n<\/div>\r\n\r\n\r\n\r\n<div class=\"wp-block-column is-layout-flow wp-block-column-is-layout-flow\" style=\"flex-basis: 33.33%;\">\r\n<h2 class=\"wp-block-heading\">Endere\u00e7o administrativo<\/h2>\r\n\r\n\r\n\r\n<p><strong>Xenarthra<\/strong><br \/>IMBECU \u2013 CCT CONICET Mendoza<br \/>Av. Ruiz Leal s\/n, Parque Gral. San Mart\u00edn<br \/>Mendoza<br \/>CP 5500<br \/>Argentina<br \/>(Phone +54-261-5244160)<\/p>\r\n\r\n\r\n\r\n<div class=\"wp-block-group ethics\"><div class=\"wp-block-group__inner-container is-layout-constrained wp-block-group-is-layout-constrained\">\r\n<h2 class=\"wp-block-heading\">Padr\u00f5es \u00e9ticos<\/h2>\r\n\r\n\r\n\r\n<p><em>Xenarthra<\/em>\u00a0segue os padr\u00f5es \u00e9ticos de publica\u00e7\u00e3o cient\u00edfica, conforme descrito em detalhes por Graf <em>et al<\/em>. (2007)\u00a0(<a href=\"https:\/\/www.ncbi.nlm.nih.gov\/pmc\/articles\/PMC1804120\/\" target=\"_blank\" rel=\"noreferrer noopener\">Graf, C., E. Wager, A. Bowman, S. Fiack, D. Scott-Lichter &amp; A. Robinson. 2007. Best practice guidelines on publication ethics: a publisher&#8217;s perspective. <em>International Journal of Clinical Practice<\/em>, 61(s152): 1\u201326<\/a>) e exige que todos os autores atendam a esses padr\u00f5es para que suas contribui\u00e7\u00f5es sejam consideradas para publica\u00e7\u00e3o.<\/p>\r\n<\/div><\/div>\r\n<\/div>\r\n<\/div>\r\n","protected":false},"excerpt":{"rendered":"<p>Enviar um manuscrito Qualquer pessoa que deseje enviar um manuscrito ou outro item deve seguir as diretrizes para autores, que est\u00e3o dispon\u00edveis abaixo. Todas as submiss\u00f5es podem ser enviadas para journal@xenarthrans.org. Ap\u00f3s o recebimento do manuscrito: Por favor, tenha em mente que: Xenarthra publica artigos em Ingl\u00eas, Espanhol e Portugu\u00eas. Antes de submeter um manuscrito<\/p>\n","protected":false},"author":1,"featured_media":806,"parent":0,"menu_order":0,"comment_status":"closed","ping_status":"closed","template":"","meta":{"_acf_changed":false,"footnotes":""},"class_list":["post-976","page","type-page","status-publish","has-post-thumbnail"],"acf":[],"_links":{"self":[{"href":"https:\/\/xenarthrans.org\/journal\/wp-json\/wp\/v2\/pages\/976","targetHints":{"allow":["GET"]}}],"collection":[{"href":"https:\/\/xenarthrans.org\/journal\/wp-json\/wp\/v2\/pages"}],"about":[{"href":"https:\/\/xenarthrans.org\/journal\/wp-json\/wp\/v2\/types\/page"}],"author":[{"embeddable":true,"href":"https:\/\/xenarthrans.org\/journal\/wp-json\/wp\/v2\/users\/1"}],"replies":[{"embeddable":true,"href":"https:\/\/xenarthrans.org\/journal\/wp-json\/wp\/v2\/comments?post=976"}],"version-history":[{"count":8,"href":"https:\/\/xenarthrans.org\/journal\/wp-json\/wp\/v2\/pages\/976\/revisions"}],"predecessor-version":[{"id":1586,"href":"https:\/\/xenarthrans.org\/journal\/wp-json\/wp\/v2\/pages\/976\/revisions\/1586"}],"wp:featuredmedia":[{"embeddable":true,"href":"https:\/\/xenarthrans.org\/journal\/wp-json\/wp\/v2\/media\/806"}],"wp:attachment":[{"href":"https:\/\/xenarthrans.org\/journal\/wp-json\/wp\/v2\/media?parent=976"}],"curies":[{"name":"wp","href":"https:\/\/api.w.org\/{rel}","templated":true}]}}